{"id":183,"date":"2024-11-17T19:32:11","date_gmt":"2024-11-17T18:32:11","guid":{"rendered":"https:\/\/mellomgarden.nu\/?page_id=183"},"modified":"2025-11-02T10:50:01","modified_gmt":"2025-11-02T09:50:01","slug":"stuga-stallplatser","status":"publish","type":"page","link":"https:\/\/mellomgarden.nu\/en\/stuga-stallplatser\/","title":{"rendered":"Cottage and motorhome parking"},"content":{"rendered":"<p>[et_pb_section fb_built=&#8221;1&#8243; _builder_version=&#8221;4.16&#8243; _module_preset=&#8221;default&#8221; background_color=&#8221;rgba(0,0,0,0.05)&#8221; background_image=&#8221;https:\/\/mellomgarden.nu\/wp-content\/uploads\/2022\/01\/Mellomgarden-foto-tuana-1500-stugor-och-stallplatser-min.jpg&#8221; parallax=&#8221;on&#8221; min_height=&#8221;650px&#8221; bottom_divider_style=&#8221;ramp2&#8243; bottom_divider_color=&#8221;rgba(198,156,95,0.82)&#8221; bottom_divider_height=&#8221;40px&#8221; bottom_divider_flip=&#8221;horizontal&#8221; bottom_divider_arrangement=&#8221;above_content&#8221; global_colors_info=&#8221;{}&#8221;][et_pb_row column_structure=&#8221;3_5,2_5&#8243; _builder_version=&#8221;4.16&#8243; _module_preset=&#8221;default&#8221; global_colors_info=&#8221;{}&#8221;][et_pb_column type=&#8221;3_5&#8243; _builder_version=&#8221;4.16&#8243; _module_preset=&#8221;default&#8221; global_colors_info=&#8221;{}&#8221;][et_pb_text _builder_version=&#8221;4.16&#8243; _module_preset=&#8221;default&#8221; header_text_color=&#8221;gcid-a1bb3a62-ff93-47e6-97e4-06348f8334bf&#8221; header_font_size=&#8221;70px&#8221; header_2_font=&#8221;||||||||&#8221; header_2_text_align=&#8221;left&#8221; header_2_text_color=&#8221;#FFFFFF&#8221; header_2_font_size=&#8221;85px&#8221; header_2_letter_spacing=&#8221;1px&#8221; header_3_font=&#8221;Herr Von Muellerhoff||||||||&#8221; header_3_text_align=&#8221;right&#8221; header_3_font_size=&#8221;60px&#8221; header_4_font=&#8221;Herr Von Muellerhoff||||||||&#8221; header_4_text_color=&#8221;#C69C5F&#8221; header_4_font_size=&#8221;64px&#8221; custom_margin=&#8221;37px|||||&#8221; animation_style=&#8221;slide&#8221; header_text_color_tablet=&#8221;gcid-a1bb3a62-ff93-47e6-97e4-06348f8334bf&#8221; header_text_color_phone=&#8221;#FFFFFF&#8221; header_text_color_last_edited=&#8221;on|phone&#8221; header_font_size_tablet=&#8221;75px&#8221; header_font_size_phone=&#8221;40px&#8221; header_font_size_last_edited=&#8221;on|phone&#8221; header_2_font_size_tablet=&#8221;85px&#8221; header_2_font_size_phone=&#8221;70px&#8221; header_2_font_size_last_edited=&#8221;on|phone&#8221; header_3_font_size_tablet=&#8221;60px&#8221; header_3_font_size_phone=&#8221;50px&#8221; header_3_font_size_last_edited=&#8221;on|phone&#8221; header_4_text_color_tablet=&#8221;#C69C5F&#8221; header_4_text_color_phone=&#8221;#C69C5F&#8221; header_4_text_color_last_edited=&#8221;on|phone&#8221; global_colors_info=&#8221;{%22gcid-a1bb3a62-ff93-47e6-97e4-06348f8334bf%22:%91%22header_text_color%22%93}&#8221;]<\/p>\n<h4>Bokning<\/h4>\n<h1>Stuga och St\u00e4llplatser<\/h1>\n<p>[\/et_pb_text][\/et_pb_column][et_pb_column type=&#8221;2_5&#8243; _builder_version=&#8221;4.16&#8243; _module_preset=&#8221;default&#8221; global_colors_info=&#8221;{}&#8221;][\/et_pb_column][\/et_pb_row][\/et_pb_section][et_pb_section fb_built=&#8221;1&#8243; _builder_version=&#8221;4.16&#8243; _module_preset=&#8221;default&#8221; custom_padding=&#8221;30px||19px||false|false&#8221; top_divider_style=&#8221;slant2&#8243; top_divider_color=&#8221;#C69C5F&#8221; top_divider_height=&#8221;40px&#8221; global_colors_info=&#8221;{}&#8221;][et_pb_row _builder_version=&#8221;4.16&#8243; _module_preset=&#8221;default&#8221; custom_padding=&#8221;||6px|||&#8221; global_colors_info=&#8221;{}&#8221;][et_pb_column type=&#8221;4_4&#8243; _builder_version=&#8221;4.16&#8243; _module_preset=&#8221;default&#8221; global_colors_info=&#8221;{}&#8221;][et_pb_text _builder_version=&#8221;4.16&#8243; _module_preset=&#8221;default&#8221; text_font=&#8221;||on||||||&#8221; text_text_color=&#8221;#C69C5F&#8221; text_font_size=&#8221;29px&#8221; text_line_height=&#8221;1em&#8221; header_3_font_size=&#8221;29px&#8221; text_orientation=&#8221;center&#8221; global_colors_info=&#8221;{}&#8221;]<\/p>\n<h3>V\u00e5ra mysiga stugor att boka<\/h3>\n<p>[\/et_pb_text][et_pb_text _builder_version=&#8221;4.20.2&#8243; _module_preset=&#8221;default&#8221; text_font=&#8221;||on||||||&#8221; custom_padding=&#8221;10px|10px|10px|10px|false|false&#8221; border_radii=&#8221;on|5px|5px|5px|5px&#8221; box_shadow_style=&#8221;preset5&#8243; box_shadow_horizontal=&#8221;7px&#8221; box_shadow_vertical=&#8221;7px&#8221; box_shadow_spread=&#8221;-5px&#8221; box_shadow_color=&#8221;#C69C5F&#8221; global_colors_info=&#8221;{}&#8221;]<\/p>\n<p>H\u00e4r p\u00e5 Mellomg\u00e5rden har vi fyra stugor i lantlig stil med h\u00e4rlig utsikt \u00f6ver Hornborgasj\u00f6n fr\u00e5n uteplatsen med grill. De m\u00e5nga cykel- och vandringslederna genom det vackra kulturlandskapet har du alldeles runt knuten.<\/p>\n<p>Stugorna h\u00e5ller vandrarhemsstandard och m\u00e4ter 20 kvadratmeter med fyra s\u00e4ngplatser (v\u00e5ningss\u00e4ng plus b\u00e4ddsoffa), pentry med kokplatta, kylsk\u00e5p, mikrougn och redskap, toalett och dusch och k\u00f6ksbord med fyra sittplatser. Barns\u00e4ng finns att l\u00e5na. Parkering direkt utanf\u00f6r, och det finns en laddplats f\u00f6r elbil.<\/p>\n<p>Stugorna kostar 950 kr per natt. St\u00e4dning, handdukar och s\u00e4ngkl\u00e4der l\u00f6ser ni sj\u00e4lva, men slutst\u00e4dning kan k\u00f6pas till f\u00f6r 500 kr. Frukost, fika och lunch finns att k\u00f6pa under caf\u00e9ets ordinarie \u00f6ppettider.<\/p>\n<p>Husdjur \u00e4r v\u00e4lkomna i en av stugorna \u2013 meddela oss i samband med bokningen om du avser ta med dig djur eller \u00e4r allergisk!<\/p>\n<p>Var g\u00e4rna ute i god tid med din bokning \u2013 vissa tider p\u00e5 \u00e5ret blir snabbt fyllda l\u00e5ngt i f\u00f6rv\u00e4g!<\/p>\n<p><strong>Tillg\u00e4nglighetsinformation<\/strong>: Observera att tillg\u00e4ngligheten f\u00f6r r\u00f6relsehindrade \u00e4r begr\u00e4nsad. Stugorna \u00e4r sm\u00e5 och har trappsteg upp till d\u00f6rren, parkeringsytorna \u00e4r grusade.<\/p>\n<p>[\/et_pb_text][et_pb_button button_url=&#8221;#bokning&#8221; button_text=&#8221;Boka v\u00e5ra stugor&#8221; _builder_version=&#8221;4.16&#8243; _module_preset=&#8221;default&#8221; custom_button=&#8221;on&#8221; button_text_color=&#8221;#FFFFFF&#8221; button_bg_color=&#8221;#C69C5F&#8221; button_border_color=&#8221;RGBA(0,0,0,0)&#8221; button_font=&#8221;||on||||||&#8221; button_icon=&#8221;&#x68;||divi||400&#8243; hover_enabled=&#8221;0&#8243; box_shadow_style=&#8221;preset5&#8243; box_shadow_horizontal=&#8221;8px&#8221; box_shadow_vertical=&#8221;8px&#8221; box_shadow_spread=&#8221;-5px&#8221; box_shadow_color=&#8221;#933833&#8243; global_colors_info=&#8221;{}&#8221; sticky_enabled=&#8221;0&#8243;][\/et_pb_button][\/et_pb_column][\/et_pb_row][et_pb_row _builder_version=&#8221;4.16&#8243; _module_preset=&#8221;default&#8221; global_colors_info=&#8221;{}&#8221;][et_pb_column type=&#8221;4_4&#8243; _builder_version=&#8221;4.16&#8243; _module_preset=&#8221;default&#8221; global_colors_info=&#8221;{}&#8221;][et_pb_slider show_pagination=&#8221;off&#8221; arrows_custom_color=&#8221;#C69C5F&#8221; _builder_version=&#8221;4.16&#8243; _module_preset=&#8221;default&#8221; body_font=&#8221;||on||||||&#8221; body_text_color=&#8221;#C69C5F&#8221; body_font_size=&#8221;20px&#8221; custom_padding=&#8221;20px||19px|||&#8221; border_radii=&#8221;on|5px|5px|5px|5px&#8221; box_shadow_style=&#8221;preset2&#8243; global_colors_info=&#8221;{}&#8221;][et_pb_slide _builder_version=&#8221;4.16&#8243; _module_preset=&#8221;default&#8221; background_enable_color=&#8221;off&#8221; global_colors_info=&#8221;{}&#8221; sticky_transition=&#8221;on&#8221;]<\/p>\n<p style=\"text-align: center;\">\u201dUtm\u00e4rkt boende, fr\u00e4scht och rent \u2013 \u00e5terkommer g\u00e4rna\u201d<\/p>\n<p>[\/et_pb_slide][et_pb_slide _builder_version=&#8221;4.16&#8243; _module_preset=&#8221;default&#8221; background_enable_color=&#8221;off&#8221; global_colors_info=&#8221;{}&#8221; sticky_transition=&#8221;on&#8221;]<\/p>\n<p style=\"text-align: center;\">\u00a0\u201dMysigt l\u00e4ge med kv\u00e4llssol och utsikt\u201d<\/p>\n<p>[\/et_pb_slide][et_pb_slide _builder_version=&#8221;4.16&#8243; _module_preset=&#8221;default&#8221; background_enable_color=&#8221;off&#8221; global_colors_info=&#8221;{}&#8221; sticky_transition=&#8221;on&#8221;]<\/p>\n<p style=\"text-align: center;\">\u00a0\u201dPerfekt l\u00e4ge f\u00f6r bes\u00f6k till Skara Sommarland, Hornborgarsj\u00f6n m.m.\u201d<\/p>\n<p>[\/et_pb_slide][et_pb_slide _builder_version=&#8221;4.16&#8243; _module_preset=&#8221;default&#8221; background_enable_color=&#8221;off&#8221; global_colors_info=&#8221;{}&#8221; sticky_transition=&#8221;on&#8221;]<\/p>\n<p style=\"text-align: center;\">\u00a0\u201dOtroligt vacker omgivning. God mat i creperian. Fina stugor.\u201d<\/p>\n<p>[\/et_pb_slide][\/et_pb_slider][\/et_pb_column][\/et_pb_row][\/et_pb_section][et_pb_section fb_built=&#8221;1&#8243; _builder_version=&#8221;4.16&#8243; _module_preset=&#8221;default&#8221; background_color=&#8221;rgba(0,0,0,0.05)&#8221; custom_padding=&#8221;30px||19px||false|false&#8221; top_divider_color=&#8221;#C69C5F&#8221; top_divider_height=&#8221;40px&#8221; global_colors_info=&#8221;{}&#8221;][et_pb_row _builder_version=&#8221;4.16&#8243; _module_preset=&#8221;default&#8221; custom_padding=&#8221;||6px|||&#8221; global_colors_info=&#8221;{}&#8221;][et_pb_column type=&#8221;4_4&#8243; _builder_version=&#8221;4.16&#8243; _module_preset=&#8221;default&#8221; global_colors_info=&#8221;{}&#8221;][et_pb_text _builder_version=&#8221;4.16&#8243; _module_preset=&#8221;default&#8221; text_font=&#8221;||on||||||&#8221; text_text_color=&#8221;#C69C5F&#8221; text_font_size=&#8221;29px&#8221; text_line_height=&#8221;1em&#8221; header_3_font_size=&#8221;29px&#8221; text_orientation=&#8221;center&#8221; global_colors_info=&#8221;{}&#8221;]<\/p>\n<h3>St\u00e4llplatser med utsikt<\/h3>\n<p>[\/et_pb_text][et_pb_text _builder_version=&#8221;4.16&#8243; _module_preset=&#8221;default&#8221; text_font=&#8221;||on||||||&#8221; custom_padding=&#8221;10px|10px|10px|10px|false|false&#8221; border_radii=&#8221;on|5px|5px|5px|5px&#8221; box_shadow_style=&#8221;preset5&#8243; box_shadow_horizontal=&#8221;7px&#8221; box_shadow_vertical=&#8221;7px&#8221; box_shadow_spread=&#8221;-5px&#8221; box_shadow_color=&#8221;#C69C5F&#8221; global_colors_info=&#8221;{}&#8221;]<\/p>\n<p>Vi har \u00e4ven ett antal st\u00e4llplatser med eluttag f\u00f6r husbilar. St\u00e4llplatserna g\u00e5r inte att f\u00f6rboka utan erbjuds i m\u00e5n av plats.<\/p>\n<p>Vi har tyv\u00e4rr ingen m\u00f6jlighet f\u00f6r avloppst\u00f6mning och f\u00f6r tillg\u00e5ng till toalett g\u00e4ller caf\u00e9ets \u00f6ppettider, normalt kl 11-17.<\/p>\n<p>Kv\u00e4llssol och sk\u00f6n utsikt ing\u00e5r!<\/p>\n<p>St\u00e4llplatserna kostar 150 kr per natt.<\/p>\n<p>[\/et_pb_text][et_pb_button button_url=&#8221;https:\/\/mellomgarden.nu\/om-oss\/#kontaktaoss&#8221; button_text=&#8221;Kontakta oss&#8221; _builder_version=&#8221;4.16&#8243; _module_preset=&#8221;default&#8221; custom_button=&#8221;on&#8221; button_text_color=&#8221;#FFFFFF&#8221; button_bg_color=&#8221;#C69C5F&#8221; button_border_color=&#8221;RGBA(0,0,0,0)&#8221; button_font=&#8221;||on||||||&#8221; button_icon=&#8221;&#x68;||divi||400&#8243; box_shadow_style=&#8221;preset5&#8243; box_shadow_horizontal=&#8221;8px&#8221; box_shadow_vertical=&#8221;8px&#8221; box_shadow_spread=&#8221;-5px&#8221; box_shadow_color=&#8221;#933833&#8243; global_colors_info=&#8221;{}&#8221;][\/et_pb_button][\/et_pb_column][\/et_pb_row][\/et_pb_section][et_pb_section fb_built=&#8221;1&#8243; _builder_version=&#8221;4.16&#8243; _module_preset=&#8221;default&#8221; background_enable_color=&#8221;off&#8221; custom_padding=&#8221;0px|||||&#8221; global_colors_info=&#8221;{}&#8221;][et_pb_row column_structure=&#8221;1_3,1_3,1_3&#8243; use_custom_gutter=&#8221;on&#8221; gutter_width=&#8221;2&#8243; _builder_version=&#8221;4.16&#8243; custom_padding=&#8221;62px||5px|||&#8221; use_custom_width=&#8221;on&#8221; global_colors_info=&#8221;{}&#8221;][et_pb_column type=&#8221;1_3&#8243; _builder_version=&#8221;4.16&#8243; custom_padding=&#8221;|||&#8221; global_colors_info=&#8221;{}&#8221; custom_padding__hover=&#8221;|||&#8221;][et_pb_image src=&#8221;https:\/\/mellomgarden.nu\/wp-content\/uploads\/2022\/01\/Stallplatser-och-stugor-pa-Mellomgarden.jpg&#8221; title_text=&#8221;St\u00e4llplatser och stugor p\u00e5 Mellomg\u00e5rden&#8221; force_fullwidth=&#8221;on&#8221; align_tablet=&#8221;center&#8221; align_phone=&#8221;center&#8221; align_last_edited=&#8221;on|desktop&#8221; _builder_version=&#8221;4.16&#8243; custom_margin=&#8221;24px|24px|24px|24px|true|true&#8221; box_shadow_style=&#8221;preset4&#8243; box_shadow_horizontal=&#8221;-45px&#8221; box_shadow_vertical=&#8221;-45px&#8221; box_shadow_color=&#8221;#C69C5F&#8221; global_colors_info=&#8221;{}&#8221;][\/et_pb_image][et_pb_image src=&#8221;https:\/\/mellomgarden.nu\/wp-content\/uploads\/2021\/11\/Sommar-pa-Mellomgarden-min-2.jpg&#8221; title_text=&#8221;Sommar-p\u00e5-Mellomg\u00e5rden-min&#8221; force_fullwidth=&#8221;on&#8221; align_tablet=&#8221;center&#8221; align_phone=&#8221;center&#8221; align_last_edited=&#8221;on|desktop&#8221; _builder_version=&#8221;4.16&#8243; custom_margin=&#8221;24px|24px|24px|24px|true|true&#8221; global_colors_info=&#8221;{}&#8221;][\/et_pb_image][\/et_pb_column][et_pb_column type=&#8221;1_3&#8243; _builder_version=&#8221;4.16&#8243; custom_padding=&#8221;|||&#8221; global_colors_info=&#8221;{}&#8221; custom_padding__hover=&#8221;|||&#8221;][et_pb_image src=&#8221;https:\/\/mellomgarden.nu\/wp-content\/uploads\/2022\/01\/Mellomgarden-foto-tuana-700-vandra-till-oss-min.jpg&#8221; title_text=&#8221;Mellomgarden-foto-tuana-700-vandra-till-oss-min&#8221; force_fullwidth=&#8221;on&#8221; align_tablet=&#8221;center&#8221; align_phone=&#8221;center&#8221; align_last_edited=&#8221;on|desktop&#8221; _builder_version=&#8221;4.16&#8243; custom_margin=&#8221;24px|12px|24px|12px|true|true&#8221; global_colors_info=&#8221;{}&#8221;][\/et_pb_image][et_pb_image src=&#8221;https:\/\/mellomgarden.nu\/wp-content\/uploads\/2022\/01\/Vy-over-stugorna-pa-mellomgaden.jpg&#8221; title_text=&#8221;Vy \u00f6ver stugorna p\u00e5 mellomg\u00e5den&#8221; align=&#8221;center&#8221; force_fullwidth=&#8221;on&#8221; align_tablet=&#8221;center&#8221; align_phone=&#8221;center&#8221; align_last_edited=&#8221;on|desktop&#8221; _builder_version=&#8221;4.16&#8243; custom_margin=&#8221;|||10px||&#8221; animation_style=&#8221;zoom&#8221; animation_intensity_zoom=&#8221;5%&#8221; border_width_all=&#8221;24px&#8221; border_color_all=&#8221;#ffffff&#8221; box_shadow_style=&#8221;preset3&#8243; box_shadow_vertical=&#8221;70px&#8221; box_shadow_blur=&#8221;150px&#8221; box_shadow_color=&#8221;rgba(0,0,0,0.2)&#8221; global_colors_info=&#8221;{}&#8221;][\/et_pb_image][\/et_pb_column][et_pb_column type=&#8221;1_3&#8243; _builder_version=&#8221;4.16&#8243; custom_padding=&#8221;|||&#8221; global_colors_info=&#8221;{}&#8221; custom_padding__hover=&#8221;|||&#8221;][et_pb_image src=&#8221;https:\/\/mellomgarden.nu\/wp-content\/uploads\/2021\/11\/Stuga-pa-Mellomagrens-min.jpg&#8221; title_text=&#8221;Stuga-p\u00e5-Mellom\u00e5grens-min&#8221; force_fullwidth=&#8221;on&#8221; align_tablet=&#8221;center&#8221; align_phone=&#8221;center&#8221; align_last_edited=&#8221;on|desktop&#8221; _builder_version=&#8221;4.16&#8243; animation_style=&#8221;zoom&#8221; animation_intensity_zoom=&#8221;5%&#8221; border_width_all=&#8221;24px&#8221; border_color_all=&#8221;#ffffff&#8221; box_shadow_style=&#8221;preset3&#8243; box_shadow_vertical=&#8221;70px&#8221; box_shadow_blur=&#8221;150px&#8221; box_shadow_color=&#8221;rgba(0,0,0,0.2)&#8221; global_colors_info=&#8221;{}&#8221;][\/et_pb_image][et_pb_image src=&#8221;https:\/\/mellomgarden.nu\/wp-content\/uploads\/2022\/01\/Skal-fran-Mellomgarden-min.jpg&#8221; title_text=&#8221;Sk\u00e5l fr\u00e5n Mellomg\u00e5rden-min&#8221; force_fullwidth=&#8221;on&#8221; align_tablet=&#8221;center&#8221; align_phone=&#8221;center&#8221; align_last_edited=&#8221;on|desktop&#8221; _builder_version=&#8221;4.16&#8243; custom_margin=&#8221;24px|1px|24px|1px|true|true&#8221; box_shadow_style=&#8221;preset4&#8243; box_shadow_horizontal=&#8221;45px&#8221; box_shadow_vertical=&#8221;45px&#8221; box_shadow_color=&#8221;#C69C5F&#8221; global_colors_info=&#8221;{}&#8221;][\/et_pb_image][\/et_pb_column][\/et_pb_row][\/et_pb_section][et_pb_section fb_built=&#8221;1&#8243; disabled_on=&#8221;off|off|off&#8221; module_id=&#8221;bokning&#8221; _builder_version=&#8221;4.16&#8243; _module_preset=&#8221;default&#8221; background_enable_color=&#8221;off&#8221; custom_padding=&#8221;30px||30px||false|false&#8221; global_colors_info=&#8221;{}&#8221;][et_pb_row _builder_version=&#8221;4.16&#8243; _module_preset=&#8221;default&#8221; custom_margin=&#8221;-24px|auto||auto||&#8221; global_colors_info=&#8221;{}&#8221;][et_pb_column type=&#8221;4_4&#8243; _builder_version=&#8221;4.16&#8243; _module_preset=&#8221;default&#8221; global_colors_info=&#8221;{}&#8221;][et_pb_text _builder_version=&#8221;4.16&#8243; _module_preset=&#8221;default&#8221; text_font=&#8221;Herr Von Muellerhoff||||||||&#8221; text_text_color=&#8221;gcid-a1bb3a62-ff93-47e6-97e4-06348f8334bf&#8221; text_font_size=&#8221;60px&#8221; text_letter_spacing=&#8221;1px&#8221; text_line_height=&#8221;1em&#8221; text_orientation=&#8221;center&#8221; custom_margin=&#8221;0px||||false|false&#8221; custom_margin_tablet=&#8221;45px||||false|false&#8221; custom_margin_phone=&#8221;35px||||false|false&#8221; custom_margin_last_edited=&#8221;on|tablet&#8221; custom_padding=&#8221;|||0px|false|false&#8221; animation_style=&#8221;slide&#8221; animation_direction=&#8221;left&#8221; animation_intensity_slide=&#8221;15%&#8221; text_font_size_tablet=&#8221;60px&#8221; text_font_size_phone=&#8221;45px&#8221; text_font_size_last_edited=&#8221;on|phone&#8221; global_colors_info=&#8221;{%22gcid-a1bb3a62-ff93-47e6-97e4-06348f8334bf%22:%91%22text_text_color%22%93}&#8221;]<\/p>\n<p>Boka direkt vi Booking.com<\/p>\n<p>[\/et_pb_text][et_pb_text _builder_version=&#8221;4.20.2&#8243; _module_preset=&#8221;default&#8221; text_font=&#8221;||on||||||&#8221; custom_margin=&#8221;-18px|||||&#8221; custom_padding=&#8221;10px|10px|10px|10px|false|false&#8221; border_radii=&#8221;on|5px|5px|5px|5px&#8221; global_colors_info=&#8221;{}&#8221;]<\/p>\n<p style=\"text-align: center;\">Har ni fr\u00e5gor \u00e4r ni v\u00e4lkomna att h\u00f6ra av er till telefonnummer<\/p>\n<p style=\"text-align: center;\"><a href=\"tel:0700558090\">(+46)700 55 80 90<\/a>. Bokning sker p\u00e5 Booking.com.<\/p>\n<p>[\/et_pb_text][\/et_pb_column][\/et_pb_row][et_pb_row column_structure=&#8221;1_2,1_2&#8243; _builder_version=&#8221;4.16&#8243; _module_preset=&#8221;default&#8221; global_colors_info=&#8221;{}&#8221;][et_pb_column type=&#8221;1_2&#8243; _builder_version=&#8221;4.16&#8243; _module_preset=&#8221;default&#8221; global_colors_info=&#8221;{}&#8221;][et_pb_text _builder_version=&#8221;4.16&#8243; _module_preset=&#8221;default&#8221; text_font=&#8221;||on||||||&#8221; text_text_color=&#8221;#C69C5F&#8221; text_font_size=&#8221;29px&#8221; text_line_height=&#8221;1em&#8221; text_orientation=&#8221;center&#8221; global_colors_info=&#8221;{}&#8221;]<\/p>\n<h3><strong>Booking.com<\/strong><\/h3>\n<p>[\/et_pb_text][et_pb_text _builder_version=&#8221;4.27.4&#8243; _module_preset=&#8221;default&#8221; text_font=&#8221;||on||||||&#8221; custom_margin=&#8221;-18px|||||&#8221; custom_padding=&#8221;10px|10px|10px|10px|false|false&#8221; border_radii=&#8221;on|5px|5px|5px|5px&#8221; box_shadow_style=&#8221;preset5&#8243; box_shadow_horizontal=&#8221;7px&#8221; box_shadow_vertical=&#8221;7px&#8221; box_shadow_spread=&#8221;-5px&#8221; box_shadow_color=&#8221;#C69C5F&#8221; global_colors_info=&#8221;{}&#8221;]<\/p>\n<p>Du \u00e4r varmt v\u00e4lkommen att boka stuga online.\u00a0<a href=\"https:\/\/www.booking.com\/hotel\/se\/mellomgarden.sv.html?aid=304142&amp;label=gen173nr-10CAEoggI46AdIM1gEaMgBiAEBmAEzuAEXyAEM2AED6AEB-AEBiAIBqAIBuAK-0ZzIBsACAdICJDk5MjRhOTQ2LTE4MTUtNGQ4YS1hMDZhLThjOTIwZTJiMTY5ZtgCAeACAQ&amp;sid=d3988a9b37b5756104a05343fbbf1dc8&amp;dest_id=2201682&amp;dest_type=hotel&amp;dist=0&amp;group_adults=2&amp;group_children=0&amp;hapos=1&amp;hpos=1&amp;no_rooms=1&amp;req_adults=2&amp;req_children=0&amp;room1=A%2CA&amp;sb_price_type=total&amp;sr_order=popularity&amp;srepoch=1762076883&amp;srpvid=bf1e0496e2e0c6a690d7599aa1c447a7&amp;type=total&amp;ucfs=1&amp;\" target=\"_blank\" rel=\"noopener\">Klicka h\u00e4r<\/a>\u00a0f\u00f6r att komma till bokningssidan.<\/p>\n<p>[\/et_pb_text][\/et_pb_column][et_pb_column type=&#8221;1_2&#8243; _builder_version=&#8221;4.16&#8243; _module_preset=&#8221;default&#8221; global_colors_info=&#8221;{}&#8221;][et_pb_image src=&#8221;https:\/\/mellomgarden.nu\/wp-content\/uploads\/2021\/11\/Booking.com-Boka-direkt.png&#8221; title_text=&#8221;Booking.com Boka direkt&#8221; url=&#8221;https:\/\/www.booking.com\/hotel\/se\/mellomgarden.sv.html?aid=304142&#038;label=gen173nr-10CAEoggI46AdIM1gEaMgBiAEBmAEzuAEXyAEM2AED6AEB-AEBiAIBqAIBuAK-0ZzIBsACAdICJDk5MjRhOTQ2LTE4MTUtNGQ4YS1hMDZhLThjOTIwZTJiMTY5ZtgCAeACAQ&#038;sid=d3988a9b37b5756104a05343fbbf1dc8&#038;dest_id=2201682&#038;dest_type=hotel&#038;dist=0&#038;group_adults=2&#038;group_children=0&#038;hapos=1&#038;hpos=1&#038;no_rooms=1&#038;req_adults=2&#038;req_children=0&#038;room1=A%2CA&#038;sb_price_type=total&#038;sr_order=popularity&#038;srepoch=1762076883&#038;srpvid=bf1e0496e2e0c6a690d7599aa1c447a7&#038;type=total&#038;ucfs=1&#038;&#8221; url_new_window=&#8221;on&#8221; align=&#8221;center&#8221; _builder_version=&#8221;4.27.4&#8243; _module_preset=&#8221;default&#8221; hover_enabled=&#8221;0&#8243; border_radii=&#8221;on|5px|5px|5px|5px&#8221; global_colors_info=&#8221;{}&#8221; sticky_enabled=&#8221;0&#8243;][\/et_pb_image][\/et_pb_column][\/et_pb_row][\/et_pb_section]<\/p>\n","protected":false},"excerpt":{"rendered":"<p>Bokning Stuga och St\u00e4llplatserV\u00e5ra mysiga stugor att bokaH\u00e4r p\u00e5 Mellomg\u00e5rden har vi fyra stugor i lantlig stil med h\u00e4rlig utsikt \u00f6ver Hornborgasj\u00f6n fr\u00e5n uteplatsen med grill. De m\u00e5nga cykel- och vandringslederna genom det vackra kulturlandskapet har du alldeles runt knuten. Stugorna h\u00e5ller vandrarhemsstandard och m\u00e4ter 20 kvadratmeter med fyra s\u00e4ngplatser (v\u00e5ningss\u00e4ng plus b\u00e4ddsoffa), pentry med [&hellip;]<\/p>\n","protected":false},"author":1,"featured_media":466,"parent":0,"menu_order":0,"comment_status":"closed","ping_status":"closed","template":"","meta":{"_et_pb_use_builder":"on","_et_pb_old_content":"<!-- wp:divi\/placeholder \/-->","_et_gb_content_width":"","footnotes":""},"class_list":["post-183","page","type-page","status-publish","has-post-thumbnail","hentry"],"_links":{"self":[{"href":"https:\/\/mellomgarden.nu\/en\/wp-json\/wp\/v2\/pages\/183","targetHints":{"allow":["GET"]}}],"collection":[{"href":"https:\/\/mellomgarden.nu\/en\/wp-json\/wp\/v2\/pages"}],"about":[{"href":"https:\/\/mellomgarden.nu\/en\/wp-json\/wp\/v2\/types\/page"}],"author":[{"embeddable":true,"href":"https:\/\/mellomgarden.nu\/en\/wp-json\/wp\/v2\/users\/1"}],"replies":[{"embeddable":true,"href":"https:\/\/mellomgarden.nu\/en\/wp-json\/wp\/v2\/comments?post=183"}],"version-history":[{"count":8,"href":"https:\/\/mellomgarden.nu\/en\/wp-json\/wp\/v2\/pages\/183\/revisions"}],"predecessor-version":[{"id":1344,"href":"https:\/\/mellomgarden.nu\/en\/wp-json\/wp\/v2\/pages\/183\/revisions\/1344"}],"wp:featuredmedia":[{"embeddable":true,"href":"https:\/\/mellomgarden.nu\/en\/wp-json\/wp\/v2\/media\/466"}],"wp:attachment":[{"href":"https:\/\/mellomgarden.nu\/en\/wp-json\/wp\/v2\/media?parent=183"}],"curies":[{"name":"wp","href":"https:\/\/api.w.org\/{rel}","templated":true}]}}